{"id":13,"date":"2019-10-01T13:41:24","date_gmt":"2019-10-01T13:41:24","guid":{"rendered":"http:\/\/bms.acorn.studio\/?page_id=13"},"modified":"2022-02-16T08:55:04","modified_gmt":"2022-02-16T08:55:04","slug":"nosotros","status":"publish","type":"page","link":"https:\/\/mbswatercontrol.com\/es\/nosotros\/","title":{"rendered":"Nosotros"},"content":{"rendered":"<p>[vc_row row_style=\u00bbfull-width\u00bb background_style=\u00bbcover\u00bb background_image=\u00bb3415&#8243; bg_image_url=\u00bbhttps:\/\/mbswatercontrol.com\/wp-content\/uploads\/2022\/02\/cabecerambs-150&#215;150.jpg\u00bb css=\u00bb.vc_custom_1645000087996{padding-top: 200px !important;padding-bottom: 200px !important;}\u00bb el_class=\u00bbtitle-section\u00bb][vc_column animation=\u00bbfadeIn\u00bb animation_delay=\u00bb1&#8243;][vc_custom_heading text=\u00bbNuestra empresa\u00bb font_container=\u00bbtag:h1|text_align:center|color:%23ffffff\u00bb use_theme_fonts=\u00bbyes\u00bb][\/vc_column][\/vc_row][vc_row row_style=\u00bbfull-screen\u00bb equal_height=\u00bbtrue\u00bb vertical_align=\u00bbmiddle\u00bb css=\u00bb.vc_custom_1594737628284{margin-bottom: 50px !important;border-bottom-width: 0px !important;padding-bottom: 0px !important;}\u00bb el_class=\u00bbnosotros-section\u00bb][vc_column width=\u00bb5\/12&#8243; offset=\u00bbvc_col-lg-offset-1 vc_col-md-offset-1&#8243;][vc_custom_heading text=\u00bbNuestros Inicios\u00bb font_container=\u00bbtag:h2|font_size:45|text_align:left|color:%232aa3db\u00bb use_theme_fonts=\u00bbyes\u00bb css=\u00bb.vc_custom_1594652900166{margin-bottom: 30px !important;}\u00bb el_class=\u00bbacs-small-detail acs-small-detail-blue acs-small-left bar-inicio\u00bb][vc_column_text]<\/p>\n<p style=\"text-align: justify;\">MBS cuenta con m\u00e1s de 25 a\u00f1os de experiencia acumulada en el sector de la electr\u00f3nica de potencia, suministrando y dando servicio a compa\u00f1\u00edas de agua e industria en las provincias de Barcelona y Girona principalmente. Desde su incorporaci\u00f3n al Grupo Molist, MBS a\u00f1ade todo el potencial de sociedades como Likitech o Bombas PSH, las cuales suponen un mercado natural con cobertura internacional, a la vez que le permite complementar la oferta a sus clientes habituales, contribuyendo a una mejor eficiencia y servicio en sus instalaciones.<\/p>\n<p>[\/vc_column_text][\/vc_column][vc_column width=\u00bb1\/2&#8243; css=\u00bb.vc_custom_1571063004077{margin-right: 0px !important;border-right-width: 0px !important;padding-right: 0px !important;}\u00bb][vc_single_image alignment=\u00bbright\u00bb image=\u00bb849&#8243; el_class=\u00bbcapa-azul right\u00bb animation=\u00bbfadeInRight\u00bb animation_delay=\u00bb0.2&#8243;][vc_single_image alignment=\u00bbright\u00bb image=\u00bb3418&#8243; css=\u00bb.vc_custom_1645000828354{margin-top: 80px !important;}\u00bb el_class=\u00bbimg-azul\u00bb animation=\u00bbfadeInRight\u00bb animation_delay=\u00bb1.0&#8243;][\/vc_column][\/vc_row][vc_row row_style=\u00bbfull-screen\u00bb equal_height=\u00bbtrue\u00bb vertical_align=\u00bbmiddle\u00bb css=\u00bb.vc_custom_1575293287521{padding-top: 50px !important;padding-bottom: 0px !important;}\u00bb el_class=\u00bbnosotros-section\u00bb][vc_column width=\u00bb1\/2&#8243; offset=\u00bbvc_col-lg-offset-0 vc_col-md-offset-0 vc_hidden-sm vc_hidden-xs\u00bb css=\u00bb.vc_custom_1592207351819{margin-left: 0px !important;border-left-width: 0px !important;padding-left: 0px !important;}\u00bb][vc_single_image alignment=\u00bbright\u00bb image=\u00bb849&#8243; el_class=\u00bbcapa-azul left\u00bb animation=\u00bbfadeInLeft\u00bb animation_delay=\u00bb0.2&#8243;][vc_single_image image=\u00bb3421&#8243; css=\u00bb.vc_custom_1645000792420{margin-top: 80px !important;}\u00bb el_class=\u00bbimg-azul\u00bb animation=\u00bbfadeInLeft\u00bb animation_delay=\u00bb1.2&#8243;][\/vc_column][vc_column width=\u00bb1\/3&#8243; css=\u00bb.vc_custom_1570783308373{margin-right: 0px !important;border-right-width: 0px !important;padding-right: 0px !important;}\u00bb animation=\u00bbfadeIn\u00bb animation_delay=\u00bb1&#8243;][vc_custom_heading text=\u00bbHistoria\u00bb font_container=\u00bbtag:h2|font_size:45|text_align:left|color:%232aa3db\u00bb use_theme_fonts=\u00bbyes\u00bb css=\u00bb.vc_custom_1594652984965{margin-bottom: 30px !important;}\u00bb el_class=\u00bbacs-small-detail acs-small-detail-blue acs-small-left bar-hist\u00bb][vc_column_text]<\/p>\n<p style=\"text-align: justify;\">MBS Water Control S.L. se constituy\u00f3 en marzo de 2018 con la uni\u00f3n del Grupo Molist y Marcel.l\u00ed Bataller Suau, con la intenci\u00f3n de abastecer a las sociedades del grupo con cuadros el\u00e9ctricos, controles y automatismos para el accionamiento de sus bombas y equipos. En enero del a\u00f1o 2019 se inaugura el nuevo taller en las instalaciones del Grupo Molist, ubicadas en Hostalets de Baleny\u00e0 (Barcelona), con un espacio de m\u00e1s de 300 m2 destinados a la fabricaci\u00f3n de cuadros. MBS cuenta con m\u00e1s de 25 a\u00f1os de experiencia acumulada en el sector de la electr\u00f3nica de potencia, suministrando y dando servicio a compa\u00f1\u00edas de agua e industria en las provincias de Barcelona y Girona principalmente. Desde su incorporaci\u00f3n al Grupo Molist, MBS a\u00f1ade todo el potencial de sociedades como Likitech o Bombas PSH, las cuales suponen un mercado natural con cobertura internacional, a la vez que le permite complementar la oferta a sus clientes habituales, contribuyendo a una mejor eficiencia y servicio en sus instalaciones.<\/p>\n<p>[\/vc_column_text][\/vc_column][\/vc_row][vc_row][vc_column][wyde_heading style=\u00bb2&#8243; title=\u00bbNuestros valores\u00bb heading_color=\u00bb#2a9ad2&#8243; subheading=\u00bbde empresa\u00bb subheading_color=\u00bb#333333&#8243;][\/vc_column][\/vc_row][vc_row css=\u00bb.vc_custom_1570523024393{padding-top: 10px !important;}\u00bb][vc_column width=\u00bb1\/4&#8243; animation=\u00bbfadeIn\u00bb animation_delay=\u00bb0.1&#8243;][vc_single_image alignment=\u00bbcenter\u00bb image=\u00bb444&#8243; css=\u00bb.vc_custom_1570522773998{margin-bottom: 40px !important;}\u00bb el_class=\u00bbicon-nosotros\u00bb][vc_custom_heading text=\u00bbCalidad\u00bb font_container=\u00bbtag:h3|text_align:center\u00bb use_theme_fonts=\u00bbyes\u00bb css=\u00bb.vc_custom_1570522747852{margin-bottom: 30px !important;}\u00bb][vc_column_text]<\/p>\n<p style=\"text-align: center;\">Seleccionamos a todos<br \/>\nnuestros proveedores para<br \/>\nproporcionar los productos<br \/>\nde m\u00e1s alta calidad.<\/p>\n<p>[\/vc_column_text][\/vc_column][vc_column width=\u00bb1\/4&#8243; animation=\u00bbfadeIn\u00bb animation_delay=\u00bb0.2&#8243;][vc_single_image alignment=\u00bbcenter\u00bb image=\u00bb457&#8243; css=\u00bb.vc_custom_1570522916196{margin-bottom: 40px !important;}\u00bb el_class=\u00bbicon-nosotros\u00bb][vc_custom_heading text=\u00bbInnovaci\u00f3n\u00bb font_container=\u00bbtag:h3|text_align:center\u00bb use_theme_fonts=\u00bbyes\u00bb css=\u00bb.vc_custom_1570522922509{margin-bottom: 30px !important;}\u00bb][vc_column_text]<\/p>\n<p style=\"text-align: center;\">Estamos a la vanguardia<br \/>\ntecnol\u00f3gica y utilizamos los<br \/>\nproductos m\u00e1s avanzados<br \/>\ngracias a la colaboraci\u00f3n con<br \/>\nnuestros partners en el<br \/>\ndesarrollo de nuevas soluciones.<\/p>\n<p>[\/vc_column_text][\/vc_column][vc_column width=\u00bb1\/4&#8243; animation=\u00bbfadeIn\u00bb animation_delay=\u00bb0.3&#8243;][vc_single_image alignment=\u00bbcenter\u00bb image=\u00bb459&#8243; css=\u00bb.vc_custom_1570522887005{margin-bottom: 40px !important;}\u00bb el_class=\u00bbicon-nosotros\u00bb][vc_custom_heading text=\u00bbServicio\u00bb font_container=\u00bbtag:h3|text_align:center\u00bb use_theme_fonts=\u00bbyes\u00bb css=\u00bb.vc_custom_1570522893483{margin-bottom: 30px !important;}\u00bb][vc_column_text]<\/p>\n<p style=\"text-align: center;\">Proximidad a los clientes para<br \/>\ndarles asesoramiento en todo<br \/>\nmomento, 25 a\u00f1os de<br \/>\nexperiencia nos avalan.<\/p>\n<p>[\/vc_column_text][\/vc_column][vc_column width=\u00bb1\/4&#8243;][vc_single_image alignment=\u00bbcenter\u00bb image=\u00bb2996&#8243; css=\u00bb.vc_custom_1594653654509{margin-bottom: 40px !important;}\u00bb el_class=\u00bbicon-nosotros\u00bb][vc_custom_heading text=\u00bbEficiencia energ\u00e9tica\u00bb font_container=\u00bbtag:h3|text_align:center\u00bb use_theme_fonts=\u00bbyes\u00bb css=\u00bb.vc_custom_1645000864151{margin-bottom: 30px !important;}\u00bb][vc_column_text]<\/p>\n<p style=\"text-align: center;\">Ofrecemos soluciones basadas<br \/>\nen la optimizaci\u00f3n energ\u00e9tica<br \/>\ny el medio ambiente, con el<br \/>\nbombeo solar como una<br \/>\nde nuestras prioridades.<\/p>\n<p>[\/vc_column_text][\/vc_column][\/vc_row][vc_row el_class=\u00bbparners\u00bb][vc_column][vc_custom_heading text=\u00bbNuestros Partners\u00bb font_container=\u00bbtag:h2|font_size:50|text_align:center|color:%232aa3db\u00bb use_theme_fonts=\u00bbyes\u00bb link=\u00bb|||\u00bb el_class=\u00bbacs-small-detail acs-small-detail-blue\u00bb css=\u00bb.vc_custom_1575293830665{margin-bottom: 100px !important;}\u00bb][vc_row_inner][vc_column_inner width=\u00bb1\/3&#8243;][vc_single_image alignment=\u00bbcenter\u00bb image=\u00bb826&#8243; css=\u00bb.vc_custom_1575371038491{margin-bottom: 50px !important;}\u00bb el_class=\u00bbmax-width-340&#8243;][\/vc_column_inner][vc_column_inner width=\u00bb1\/3&#8243;][vc_single_image alignment=\u00bbcenter\u00bb image=\u00bb3432&#8243; css=\u00bb.vc_custom_1645001659393{margin-bottom: 50px !important;}\u00bb el_class=\u00bbmax-width-340&#8243;][\/vc_column_inner][vc_column_inner width=\u00bb1\/3&#8243;][vc_single_image alignment=\u00bbcenter\u00bb image=\u00bb3434&#8243; css=\u00bb.vc_custom_1645001665070{margin-bottom: 50px !important;}\u00bb el_class=\u00bbmax-width-340&#8243;][\/vc_column_inner][\/vc_row_inner][\/vc_column][\/vc_row][vc_row disable_element=\u00bbyes\u00bb background_style=\u00bbcover\u00bb background_position=\u00bbcenter top\u00bb css=\u00bb.vc_custom_1594657883672{padding-top: 100px !important;padding-bottom: 100px !important;}\u00bb background_image=\u00bb1558&#8243; bg_image_url=\u00bbhttps:\/\/likitech.com\/wp-content\/uploads\/2019\/12\/Historia-2-150&#215;150.jpg\u00bb el_class=\u00bbtimeline-section\u00bb][vc_column][vc_row_inner][vc_column_inner width=\u00bb1\/2&#8243;][vc_custom_heading text=\u00bbLa Historia\u00bb font_container=\u00bbtag:h2|font_size:50|text_align:left|color:%23ffffff\u00bb use_theme_fonts=\u00bbyes\u00bb][vc_column_text]<\/p>\n<p style=\"color: white;\">de nuestra empresa<\/p>\n<p>[\/vc_column_text][\/vc_column_inner][vc_column_inner width=\u00bb5\/12&#8243;][vc_column_text]<\/p>\n<p style=\"line-height: 26px;\"><span style=\"color: white;\">Likitech es una empresa que forma parte del Grupo Molist, el cual representa a Franklin Electric en nuestro pa\u00eds desde hace unos 40 a\u00f1os. El Grupo debe su nombre a la familia y a su negocio familiar, que empez\u00f3 su andadura a finales de los cuarenta cuando el Sr. Jose Molist empez\u00f3 a reparar maquinaria de la industria textil y acab\u00f3 instalando bombas centr\u00edfugas en la zona agr\u00edcola del norte de Barcelona. Hoy ya han pasado 3 generaciones y el grupo est\u00e1 integrado por varias empresas de las cuales Likitech es el referente.<\/span><\/p>\n<p>[\/vc_column_text][\/vc_column_inner][\/vc_row_inner][vc_row_inner css=\u00bb.vc_custom_1571063536963{padding-top: 10px !important;padding-bottom: 50px !important;}\u00bb][vc_column_inner css=\u00bb.vc_custom_1570797526806{padding-top: 100px !important;padding-bottom: 100px !important;}\u00bb][vc_column_text]<span class=\"wpostahs-shortcode-preview\">\t\t<div class=\"wpostahs-slider-wrp \" data-conf=\"{&quot;dots&quot;:&quot;true&quot;,&quot;arrows&quot;:&quot;true&quot;,&quot;loop&quot;:&quot;true&quot;,&quot;autoplay&quot;:&quot;true&quot;,&quot;autoplayInterval&quot;:3000,&quot;speed&quot;:300,&quot;fade&quot;:&quot;false&quot;,&quot;rtl&quot;:&quot;false&quot;,&quot;centermode&quot;:&quot;false&quot;,&quot;slidestoshow&quot;:3,&quot;lazyload&quot;:&quot;&quot;}\">\r\n\t\t\t<div class=\"wpostahs-slider wpostahs-slider-inner-wrp wpostahs-slider-design-1\">\r\n\t\t\t\t\n<div id=\"wpostahs-slider-nav-1\" class=\"wpostahs-slider-nav-1 wpostahs-slider-nav wpostahs-slick-slider\" data-slider-nav-for='wpostahs-slider-for-1'>\n\t\n\t\t<div class=\"wpostahs-slider-nav-title\">\n\t\t\t<div class=\"wpostahs-main-title\">\n\t\t\t1947\t\t\t<\/div>\n\t\t<\/div>\n\t\n\t\t<div class=\"wpostahs-slider-nav-title\">\n\t\t\t<div class=\"wpostahs-main-title\">\n\t\t\t1965\t\t\t<\/div>\n\t\t<\/div>\n\t\n\t\t<div class=\"wpostahs-slider-nav-title\">\n\t\t\t<div class=\"wpostahs-main-title\">\n\t\t\t1976\t\t\t<\/div>\n\t\t<\/div>\n\t\n\t\t<div class=\"wpostahs-slider-nav-title\">\n\t\t\t<div class=\"wpostahs-main-title\">\n\t\t\t1979\t\t\t<\/div>\n\t\t<\/div>\n\t\n\t\t<div class=\"wpostahs-slider-nav-title\">\n\t\t\t<div class=\"wpostahs-main-title\">\n\t\t\t1981\t\t\t<\/div>\n\t\t<\/div>\n\t\n\t\t<div class=\"wpostahs-slider-nav-title\">\n\t\t\t<div class=\"wpostahs-main-title\">\n\t\t\t2004\t\t\t<\/div>\n\t\t<\/div>\n\t\n\t\t<div class=\"wpostahs-slider-nav-title\">\n\t\t\t<div class=\"wpostahs-main-title\">\n\t\t\t2005\t\t\t<\/div>\n\t\t<\/div>\n\t\n\t\t<div class=\"wpostahs-slider-nav-title\">\n\t\t\t<div class=\"wpostahs-main-title\">\n\t\t\t2008\t\t\t<\/div>\n\t\t<\/div>\n\t\n\t\t<div class=\"wpostahs-slider-nav-title\">\n\t\t\t<div class=\"wpostahs-main-title\">\n\t\t\t2009\t\t\t<\/div>\n\t\t<\/div>\n\t\n\t\t<div class=\"wpostahs-slider-nav-title\">\n\t\t\t<div class=\"wpostahs-main-title\">\n\t\t\t2016\t\t\t<\/div>\n\t\t<\/div>\n\t\n\t\t<div class=\"wpostahs-slider-nav-title\">\n\t\t\t<div class=\"wpostahs-main-title\">\n\t\t\t2017\t\t\t<\/div>\n\t\t<\/div>\n\t\n\t\t<div class=\"wpostahs-slider-nav-title\">\n\t\t\t<div class=\"wpostahs-main-title\">\n\t\t\t2018\t\t\t<\/div>\n\t\t<\/div>\n\t<\/div>\n\n<div class=\"wpostahs-slider-for-1 wpostahs-slider-for wpostahs-slick-slider\">\n\t\t\t<div class=\"wpostahs-slider-nav-content\">\n\t\t\t<h2 class=\"wpostahs-centent-title\">1947<\/h2>\n\t\t\t<div class=\"wpostahs-centent\">\n\t\t\t\t<p>Inicios del Grupo Molist a trav\u00e9s de Josep Molist Pol como mec\u00e1nico para la ind\u00fastria textil en la comarca de Osona, Barcelona.<\/p>\n\t\t\t<\/div>\n\t\t<\/div>\n\t\t\t<div class=\"wpostahs-slider-nav-content\">\n\t\t\t<h2 class=\"wpostahs-centent-title\">1965<\/h2>\n\t\t\t<div class=\"wpostahs-centent\">\n\t\t\t\t<p>Josep Molist se convierte en distribuidor de Humet Hidraulica S.A., fabricante de material de riego y bombas.<\/p>\n\t\t\t<\/div>\n\t\t<\/div>\n\t\t\t<div class=\"wpostahs-slider-nav-content\">\n\t\t\t<h2 class=\"wpostahs-centent-title\">1976<\/h2>\n\t\t\t<div class=\"wpostahs-centent\">\n\t\t\t\t<p>Con la incorporaci\u00f3n de sus dos hijos Miquel y Juan se constituye la sociedad Molist Hidraulica S.A., especialista en la instalaci\u00f3n de sistemas de bombeo para la ind\u00fastria y agricultura.<\/p>\n\t\t\t<\/div>\n\t\t<\/div>\n\t\t\t<div class=\"wpostahs-slider-nav-content\">\n\t\t\t<h2 class=\"wpostahs-centent-title\">1979<\/h2>\n\t\t\t<div class=\"wpostahs-centent\">\n\t\t\t\t<p>Molist Hidraulica se convierte en el Servicio T\u00e9cnico Oficial para Espa\u00f1a de motores sumergibles Franklin Electric.<\/p>\n\t\t\t<\/div>\n\t\t<\/div>\n\t\t\t<div class=\"wpostahs-slider-nav-content\">\n\t\t\t<h2 class=\"wpostahs-centent-title\">1981<\/h2>\n\t\t\t<div class=\"wpostahs-centent\">\n\t\t\t\t<p>Franklin Electric y la familia Molist firman el acuerdo de distribuci\u00f3n para Espa\u00f1a y se constituye Comercial Tecnicas Hidraulicas S.A. (CTH)<\/p>\n\t\t\t<\/div>\n\t\t<\/div>\n\t\t\t<div class=\"wpostahs-slider-nav-content\">\n\t\t\t<h2 class=\"wpostahs-centent-title\">2004<\/h2>\n\t\t\t<div class=\"wpostahs-centent\">\n\t\t\t\t<p>CTH inaugura sus nuevas instalaciones en el municpio de Seva, Barcelona.<\/p>\n\t\t\t<\/div>\n\t\t<\/div>\n\t\t\t<div class=\"wpostahs-slider-nav-content\">\n\t\t\t<h2 class=\"wpostahs-centent-title\">2005<\/h2>\n\t\t\t<div class=\"wpostahs-centent\">\n\t\t\t\t<p>El Grupo Molist crea Likitech S.L. como distribuidor para Espa\u00f1a y Portugal de Global Water Solutions Ltd.<\/p>\n\t\t\t<\/div>\n\t\t<\/div>\n\t\t\t<div class=\"wpostahs-slider-nav-content\">\n\t\t\t<h2 class=\"wpostahs-centent-title\">2008<\/h2>\n\t\t\t<div class=\"wpostahs-centent\">\n\t\t\t\t<p>Likitech entra en el mercado de tratamiento de agua a trav\u00e9s de su marca ABWater. Primer delegado de Likitech en Portugal.<\/p>\n\t\t\t<\/div>\n\t\t<\/div>\n\t\t\t<div class=\"wpostahs-slider-nav-content\">\n\t\t\t<h2 class=\"wpostahs-centent-title\">2009<\/h2>\n\t\t\t<div class=\"wpostahs-centent\">\n\t\t\t\t<p>Franklin Electric compra Vertical S.p.A, fabricante de bombas de acero inoxidable italiano. Likitech empieza la comercializaci\u00f3n de bombas en Espa\u00f1a con cuerpos hidr\u00e1ulicos y electrobombas sumergibles de 5\u201d, 6\u201d y 8\u201d.<\/p>\n<p>Likitech incorpora la marca Little Giant, propiedad de Franklin Electric, entrando as\u00ed en el sector de la climatizaci\u00f3n y el trasiego de flu\u00eddos.<\/p>\n\t\t\t<\/div>\n\t\t<\/div>\n\t\t\t<div class=\"wpostahs-slider-nav-content\">\n\t\t\t<h2 class=\"wpostahs-centent-title\">2016<\/h2>\n\t\t\t<div class=\"wpostahs-centent\">\n\t\t\t\t<p>Likitech absorve a CTH y se convierte en la delegaci\u00f3n de Franklin Electric para Espa\u00f1a, al mismo tiempo se crea Likitech Sureste con base en Balsicas, Murcia, para cubrir las ventas de levante y sur del territorio y convertirse en el servicio t\u00e9cnico y centro de montaje de cuerpos hidr\u00e1ulicos sumergibles.<\/p>\n\t\t\t<\/div>\n\t\t<\/div>\n\t\t\t<div class=\"wpostahs-slider-nav-content\">\n\t\t\t<h2 class=\"wpostahs-centent-title\">2017<\/h2>\n\t\t\t<div class=\"wpostahs-centent\">\n\t\t\t\t<p>En el a\u00f1o 2017 se incorpora al grupo Bombas PSH, fabricante de bombas de piscina desde 1910. Con esta adquisici\u00f3n el Grupo Molist entra en el sector de la piscina de la mano de una marca y dise\u00f1os de prestigio.<\/p>\n\t\t\t<\/div>\n\t\t<\/div>\n\t\t\t<div class=\"wpostahs-slider-nav-content\">\n\t\t\t<h2 class=\"wpostahs-centent-title\">2018<\/h2>\n\t\t\t<div class=\"wpostahs-centent\">\n\t\t\t\t<p>El Grupo Molist inaugura sus nuevas instalaciones de Hostalets de Baleny\u00e0 y se constituye MBS Water Control, empresa especialista en la fabricaci\u00f3n de Constroles y cuadros el\u00e9ctricos para sistemas de bombeo.<\/p>\n\t\t\t<\/div>\n\t\t<\/div>\n\t<\/div><!-- #post-## -->\t\t\t<\/div>\r\n\t\t<\/div>\r\n\t\t<\/span>[\/vc_column_text][\/vc_column_inner][\/vc_row_inner][\/vc_column][\/vc_row]<\/p>\n","protected":false},"excerpt":{"rendered":"<p>[vc_row row_style=\u00bbfull-width\u00bb background_style=\u00bbcover\u00bb background_image=\u00bb3415&#8243; bg_image_url=\u00bbhttps:\/\/mbswatercontrol.com\/wp-content\/uploads\/2022\/02\/cabecerambs-150&#215;150.jpg\u00bb css=\u00bb.vc_custom_1645000087996{padding-top: 200px !important;padding-bottom: 200px !important;}\u00bb el_class=\u00bbtitle-section\u00bb][vc_column animation=\u00bbfadeIn\u00bb animation_delay=\u00bb1&#8243;][vc_custom_heading text=\u00bbNuestra empresa\u00bb font_container=\u00bbtag:h1|text_align:center|color:%23ffffff\u00bb use_theme_fonts=\u00bbyes\u00bb][\/vc_column][\/vc_row][vc_row row_style=\u00bbfull-screen\u00bb equal_height=\u00bbtrue\u00bb vertical_align=\u00bbmiddle\u00bb css=\u00bb.vc_custom_1594737628284{margin-bottom: 50px !important;border-bottom-width: 0px !important;padding-bottom: 0px !important;}\u00bb el_class=\u00bbnosotros-section\u00bb][vc_column width=\u00bb5\/12&#8243; offset=\u00bbvc_col-lg-offset-1 vc_col-md-offset-1&#8243;][vc_custom_heading text=\u00bbNuestros Inicios\u00bb font_container=\u00bbtag:h2|font_size:45|text_align:left|color:%232aa3db\u00bb use_theme_fonts=\u00bbyes\u00bb css=\u00bb.vc_custom_1594652900166{margin-bottom: 30px !important;}\u00bb el_class=\u00bbacs-small-detail acs-small-detail-blue acs-small-left bar-inicio\u00bb][vc_column_text] MBS cuenta con m\u00e1s de 25 a\u00f1os de experiencia acumulada en el sector [&hellip;]<\/p>\n","protected":false},"author":1,"featured_media":0,"parent":0,"menu_order":0,"comment_status":"closed","ping_status":"closed","template":"","meta":[],"yoast_head":"<!-- This site is optimized with the Yoast SEO plugin v14.5 - https:\/\/yoast.com\/wordpress\/plugins\/seo\/ -->\n<title>Nosotros - MBS<\/title>\n<meta name=\"robots\" content=\"index, follow\" \/>\n<meta name=\"googlebot\" content=\"index, follow, max-snippet:-1, max-image-preview:large, max-video-preview:-1\" \/>\n<meta name=\"bingbot\" content=\"index, follow, max-snippet:-1, max-image-preview:large, max-video-preview:-1\" \/>\n<link rel=\"canonical\" href=\"https:\/\/mbswatercontrol.com\/es\/nosotros\/\" \/>\n<meta property=\"og:locale\" content=\"es_ES\" \/>\n<meta property=\"og:type\" content=\"article\" \/>\n<meta property=\"og:title\" content=\"Nosotros - MBS\" \/>\n<meta property=\"og:description\" content=\"[vc_row row_style=\u00bbfull-width\u00bb background_style=\u00bbcover\u00bb background_image=\u00bb3415&#8243; bg_image_url=\u00bbhttps:\/\/mbswatercontrol.com\/wp-content\/uploads\/2022\/02\/cabecerambs-150&#215;150.jpg\u00bb css=\u00bb.vc_custom_1645000087996{padding-top: 200px !important;padding-bottom: 200px !important;}\u00bb el_class=\u00bbtitle-section\u00bb][vc_column animation=\u00bbfadeIn\u00bb animation_delay=\u00bb1&#8243;][vc_custom_heading text=\u00bbNuestra empresa\u00bb font_container=\u00bbtag:h1|text_align:center|color:%23ffffff\u00bb use_theme_fonts=\u00bbyes\u00bb][\/vc_column][\/vc_row][vc_row row_style=\u00bbfull-screen\u00bb equal_height=\u00bbtrue\u00bb vertical_align=\u00bbmiddle\u00bb css=\u00bb.vc_custom_1594737628284{margin-bottom: 50px !important;border-bottom-width: 0px !important;padding-bottom: 0px !important;}\u00bb el_class=\u00bbnosotros-section\u00bb][vc_column width=\u00bb5\/12&#8243; offset=\u00bbvc_col-lg-offset-1 vc_col-md-offset-1&#8243;][vc_custom_heading text=\u00bbNuestros Inicios\u00bb font_container=\u00bbtag:h2|font_size:45|text_align:left|color:%232aa3db\u00bb use_theme_fonts=\u00bbyes\u00bb css=\u00bb.vc_custom_1594652900166{margin-bottom: 30px !important;}\u00bb el_class=\u00bbacs-small-detail acs-small-detail-blue acs-small-left bar-inicio\u00bb][vc_column_text] MBS cuenta con m\u00e1s de 25 a\u00f1os de experiencia acumulada en el sector [&hellip;]\" \/>\n<meta property=\"og:url\" content=\"https:\/\/mbswatercontrol.com\/es\/nosotros\/\" \/>\n<meta property=\"og:site_name\" content=\"MBS\" \/>\n<meta property=\"article:modified_time\" content=\"2022-02-16T08:55:04+00:00\" \/>\n<meta name=\"twitter:card\" content=\"summary_large_image\" \/>\n<script type=\"application\/ld+json\" class=\"yoast-schema-graph\">{\"@context\":\"https:\/\/schema.org\",\"@graph\":[{\"@type\":\"WebSite\",\"@id\":\"https:\/\/mbswatercontrol.com\/es\/#website\",\"url\":\"https:\/\/mbswatercontrol.com\/es\/\",\"name\":\"MBS\",\"description\":\"\",\"potentialAction\":[{\"@type\":\"SearchAction\",\"target\":\"https:\/\/mbswatercontrol.com\/es\/?s={search_term_string}\",\"query-input\":\"required name=search_term_string\"}],\"inLanguage\":\"es\"},{\"@type\":\"WebPage\",\"@id\":\"https:\/\/mbswatercontrol.com\/es\/nosotros\/#webpage\",\"url\":\"https:\/\/mbswatercontrol.com\/es\/nosotros\/\",\"name\":\"Nosotros - MBS\",\"isPartOf\":{\"@id\":\"https:\/\/mbswatercontrol.com\/es\/#website\"},\"datePublished\":\"2019-10-01T13:41:24+00:00\",\"dateModified\":\"2022-02-16T08:55:04+00:00\",\"inLanguage\":\"es\",\"potentialAction\":[{\"@type\":\"ReadAction\",\"target\":[\"https:\/\/mbswatercontrol.com\/es\/nosotros\/\"]}]}]}<\/script>\n<!-- \/ Yoast SEO plugin. -->","_links":{"self":[{"href":"https:\/\/mbswatercontrol.com\/es\/wp-json\/wp\/v2\/pages\/13\/"}],"collection":[{"href":"https:\/\/mbswatercontrol.com\/es\/wp-json\/wp\/v2\/pages\/"}],"about":[{"href":"https:\/\/mbswatercontrol.com\/es\/wp-json\/wp\/v2\/types\/page\/"}],"author":[{"embeddable":true,"href":"https:\/\/mbswatercontrol.com\/es\/wp-json\/wp\/v2\/users\/1\/"}],"replies":[{"embeddable":true,"href":"https:\/\/mbswatercontrol.com\/es\/wp-json\/wp\/v2\/comments\/?post=13"}],"version-history":[{"count":232,"href":"https:\/\/mbswatercontrol.com\/es\/wp-json\/wp\/v2\/pages\/13\/revisions\/"}],"predecessor-version":[{"id":3437,"href":"https:\/\/mbswatercontrol.com\/es\/wp-json\/wp\/v2\/pages\/13\/revisions\/3437\/"}],"wp:attachment":[{"href":"https:\/\/mbswatercontrol.com\/es\/wp-json\/wp\/v2\/media\/?parent=13"}],"curies":[{"name":"wp","href":"https:\/\/api.w.org\/{rel}","templated":true}]}}