{"id":3042,"date":"2020-07-14T08:22:04","date_gmt":"2020-07-14T08:22:04","guid":{"rendered":"https:\/\/bms.acorn.studio\/?page_id=3042"},"modified":"2022-02-16T10:01:14","modified_gmt":"2022-02-16T10:01:14","slug":"soporte","status":"publish","type":"page","link":"https:\/\/mbswatercontrol.com\/es\/soporte\/","title":{"rendered":"Soporte"},"content":{"rendered":"<p>[vc_row row_style=\u00bbfull-width\u00bb background_style=\u00bbcover\u00bb css=\u00bb.vc_custom_1645004116518{margin-right: 0px !important;border-right-width: 0px !important;padding-top: 180px !important;padding-right: 0px !important;padding-bottom: 180px !important;}\u00bb background_image=\u00bb3442&#8243; bg_image_url=\u00bbhttps:\/\/mbswatercontrol.com\/wp-content\/uploads\/2022\/02\/soporte-150&#215;150.jpg\u00bb el_class=\u00bbtitle-section section-servicio\u00bb][vc_column animation=\u00bbfadeIn\u00bb animation_delay=\u00bb1&#8243;][vc_custom_heading text=\u00bbSoporte\u00bb font_container=\u00bbtag:h1|text_align:center|color:%23ffffff\u00bb use_theme_fonts=\u00bbyes\u00bb][\/vc_column][\/vc_row][vc_row row_style=\u00bbfull-width\u00bb vertical_align=\u00bbmiddle\u00bb css=\u00bb.vc_custom_1594715660146{padding-top: 100px !important;padding-bottom: 120px !important;}\u00bb][vc_column width=\u00bb1\/3&#8243; offset=\u00bbvc_col-lg-offset-2&#8243;][vc_custom_heading text=\u00bbServicio<br \/>\nT\u00e9cnico\u00bb use_theme_fonts=\u00bbyes\u00bb el_class=\u00bbcustom-title custom-title-1&#8243;][vc_column_text]MBS Water Control ofrece un servicio t\u00e9cnico integral ofreciendo todos sus cuadros el\u00e9ctricos probados, configurados y realizando la puesta en marcha en las instalaciones del cliente (si as\u00ed se requiere). Todos los cuadros est\u00e1n registrados en nuestra base de datos y podemos realizar atenci\u00f3n al cliente tanto presencial como telef\u00f3nica para resolver problemas en sus instalaciones. Somos partner de Vacon Drives desde hace m\u00e1s de 20 a\u00f1os y disponemos de recambios en stock para realizar un servicio de asistencia inmediato.<\/p>\n<p>En caso de soluciones integrales, disponemos de la red de servicios t\u00e9cnicos de Likitech \u2013 Franklin Electric en Espa\u00f1a y Portugal, quienes puede ofrecer todo el soporte necesario para las instalaciones integrales.[\/vc_column_text][wyde_separator el_width=\u00bb70%\u00bb color=\u00bb#2aa3db\u00bb css=\u00bb.vc_custom_1575882562947{margin-top: 50px !important;}\u00bb][\/vc_column][vc_column text_align=\u00bbright\u00bb width=\u00bb1\/2&#8243; offset=\u00bbvc_col-lg-offset-0 vc_col-md-offset-0 vc_col-sm-offset-0&#8243; css=\u00bb.vc_custom_1594717355200{margin-right: 0px !important;border-right-width: 0px !important;padding-right: 0px !important;padding-bottom: 0px !important;padding-left: 0px !important;}\u00bb][vc_single_image image=\u00bb3445&#8243; animation=\u00bbfadeInRight\u00bb][\/vc_column][\/vc_row][vc_row row_style=\u00bbfull-width\u00bb equal_height=\u00bbtrue\u00bb vertical_align=\u00bbmiddle\u00bb css=\u00bb.vc_custom_1594717796663{padding-bottom: 200px !important;}\u00bb el_class=\u00bbformacion-section\u00bb][vc_column width=\u00bb1\/2&#8243; css=\u00bb.vc_custom_1594723782098{padding-left: 0px !important;}\u00bb offset=\u00bbvc_hidden-sm vc_hidden-xs\u00bb animation=\u00bbfadeInLeft\u00bb animation_delay=\u00bb1&#8243;][vc_single_image image=\u00bb3447&#8243;][\/vc_column][vc_column width=\u00bb1\/3&#8243; animation=\u00bbfadeIn\u00bb animation_delay=\u00bb1&#8243;][vc_custom_heading text=\u00bbTaller\u00bb use_theme_fonts=\u00bbyes\u00bb el_class=\u00bbcustom-title custom-title-2&#8243; css=\u00bb.vc_custom_1594717698108{margin-bottom: 65px !important;}\u00bb][vc_column_text]MBS dispone de un taller de m\u00e1s de 500 m2 y banco de pruebas adjunto con dep\u00f3sito de agua de 10.000 litros para poder ofrecer el mejor servicio posible a nuestros clientes. Adem\u00e1s, podemos realizar pruebas reales de bombeo solar con energ\u00eda continua procedente de placas fotovoltaicas, y pruebas en alterna hasta 45 kw con variador y hasta 100 kW en directo.[\/vc_column_text][wyde_separator el_width=\u00bb70%\u00bb color=\u00bb#2aa3db\u00bb css=\u00bb.vc_custom_1575882562947{margin-top: 50px !important;}\u00bb][\/vc_column][\/vc_row][vc_row background_style=\u00bbcover\u00bb css=\u00bb.vc_custom_1594651102548{margin-bottom: 0px !important;border-bottom-width: 0px !important;padding-top: 150px !important;padding-bottom: 0px !important;}\u00bb background_image=\u00bb2981&#8243; bg_image_url=\u00bbhttps:\/\/mbswatercontrol.com\/wp-content\/uploads\/2020\/07\/fondoform-150&#215;150.jpg\u00bb][vc_column width=\u00bb1\/2&#8243; css=\u00bb.vc_custom_1594723968773{padding-top: 10% !important;}\u00bb][vc_custom_heading text=\u00bbSolicita m\u00e1s<br \/>\ninformaci\u00f3n\u00bb font_container=\u00bbtag:h2|font_size:60|text_align:left|color:%232a9ad2&#8243; google_fonts=\u00bbfont_family:Montserrat%3Aregular%2C700|font_style:700%20bold%20regular%3A700%3Anormal\u00bb el_class=\u00bbcontact-title\u00bb css=\u00bb.vc_custom_1594649658665{padding-bottom: 50px !important;}\u00bb][vc_column_text css=\u00bb.vc_custom_1594649346021{padding-bottom: 30px !important;}\u00bb]Escr\u00edbenos y un experto de aggity te contactar\u00e1<br \/>\npara informarte sobre la soluci\u00f3n de aggity que<br \/>\ntransformar\u00e1 digitalmente tu negocio.[\/vc_column_text][\/vc_column][vc_column width=\u00bb1\/2&#8243; el_class=\u00bbcontact-border\u00bb]<div role=\"form\" class=\"wpcf7\" id=\"wpcf7-f2959-o1\" lang=\"es-ES\" dir=\"ltr\">\n<div class=\"screen-reader-response\" role=\"alert\" aria-live=\"polite\"><\/div>\n<form action=\"\/es\/wp-json\/wp\/v2\/pages\/3042\/#wpcf7-f2959-o1\" method=\"post\" class=\"wpcf7-form init\" novalidate=\"novalidate\">\n<div style=\"display: none;\">\n<input type=\"hidden\" name=\"_wpcf7\" value=\"2959\" \/>\n<input type=\"hidden\" name=\"_wpcf7_version\" value=\"5.2\" \/>\n<input type=\"hidden\" name=\"_wpcf7_locale\" value=\"es_ES\" \/>\n<input type=\"hidden\" name=\"_wpcf7_unit_tag\" value=\"wpcf7-f2959-o1\" \/>\n<input type=\"hidden\" name=\"_wpcf7_container_post\" value=\"0\" \/>\n<input type=\"hidden\" name=\"_wpcf7_posted_data_hash\" value=\"\" \/>\n<\/div>\n<div class=\"contact-form\">\n<div class=\"row\">\n<div class=\"col-12\">\n  <span class=\"wpcf7-form-control-wrap nombre\"><input type=\"text\" name=\"nombre\" value=\"\" size=\"40\" class=\"wpcf7-form-control wpcf7-text wpcf7-validates-as-required\" aria-required=\"true\" aria-invalid=\"false\" placeholder=\"Nombre\" \/><\/span><br \/>\n  <span class=\"wpcf7-form-control-wrap email\"><input type=\"email\" name=\"email\" value=\"\" size=\"40\" class=\"wpcf7-form-control wpcf7-text wpcf7-email wpcf7-validates-as-required wpcf7-validates-as-email\" aria-required=\"true\" aria-invalid=\"false\" placeholder=\"E-mail\" \/><\/span>\n<\/div>\n<\/div>\n<div class=\"row\">\n<div class=\"col-6 mr-2\">\n  <span class=\"wpcf7-form-control-wrap empresa\"><input type=\"text\" name=\"empresa\" value=\"\" size=\"40\" class=\"wpcf7-form-control wpcf7-text wpcf7-validates-as-required\" aria-required=\"true\" aria-invalid=\"false\" placeholder=\"Empresa\" \/><\/span><\/p>\n<\/div>\n<div class=\"col-6 mr-2\">\n    <span class=\"wpcf7-form-control-wrap num-empleados\"><input type=\"number\" name=\"num-empleados\" value=\"\" class=\"wpcf7-form-control wpcf7-number wpcf7-validates-as-required wpcf7-validates-as-number\" min=\"1\" aria-required=\"true\" aria-invalid=\"false\" placeholder=\"N\u00ba empleados\" \/><\/span>\n<\/div>\n<\/div>\n<div class=\"row\">\n<div class=\"col-12\">\n  <span class=\"wpcf7-form-control-wrap telefono\"><input type=\"tel\" name=\"telefono\" value=\"\" size=\"40\" class=\"wpcf7-form-control wpcf7-text wpcf7-tel wpcf7-validates-as-required wpcf7-validates-as-tel\" aria-required=\"true\" aria-invalid=\"false\" placeholder=\"Tel\u00e9fono\" \/><\/span>\n<\/div>\n<\/div>\n<\/div>\n<p><\/p>\n<div class=\"row\" style=\"margin-top:20px;\">\n<div class=\"col col-12\">\n<p><span class=\"wpcf7-form-control-wrap privacidad\"><span class=\"wpcf7-form-control wpcf7-acceptance\"><span class=\"wpcf7-list-item\"><label><input type=\"checkbox\" name=\"privacidad\" value=\"1\" aria-invalid=\"false\" \/><span class=\"wpcf7-list-item-label\">He le\u00eddo y acepto la pol\u00edtica de <a href=\"https:\/\/likitech.com\/es\/politica-de-privacidad\/\" target=\"_BLANK\">protecci\u00f3n de datos<\/a><\/span><\/label><\/span><\/span><\/span><\/p>\n<p><span class=\"wpcf7-form-control-wrap datos_personales\"><span class=\"wpcf7-form-control wpcf7-acceptance\"><span class=\"wpcf7-list-item\"><label><input type=\"checkbox\" name=\"datos_personales\" value=\"1\" aria-invalid=\"false\" \/><span class=\"wpcf7-list-item-label\">Acepto que los datos personales introducidos en el presente formulario sean incorporados a un fichero titularidad de Mbs watercontrol S.L.Roc. bajo las condiciones que se establecen en la <a href=\"\/politica-de-privacidad\/\" target=\"_BLANK\">Pol\u00edtica de Privacidad<\/a><\/span><\/label><\/span><\/span><\/span><\/p>\n<p><span class=\"wpcf7-form-control-wrap recibir_informacion\"><span class=\"wpcf7-form-control wpcf7-acceptance\"><span class=\"wpcf7-list-item\"><label><input type=\"checkbox\" name=\"recibir_informacion\" value=\"1\" aria-invalid=\"false\" \/><span class=\"wpcf7-list-item-label\">Acepto recibir, por correo electr\u00f3nico o medio electr\u00f3nico equivalente informaciones comerciales y de servicios de Mbs watercontrol S.L<\/span><\/label><\/span><\/span><\/span><\/p>\n<\/div>\n<\/div>\n<p><input type=\"submit\" value=\"Te ayudamos\" class=\"wpcf7-form-control wpcf7-submit\" \/><\/p>\n<div class=\"wpcf7-response-output\" role=\"alert\" aria-hidden=\"true\"><\/div><\/form><\/div>[\/vc_column][\/vc_row]<\/p>\n","protected":false},"excerpt":{"rendered":"<p>[vc_row row_style=\u00bbfull-width\u00bb background_style=\u00bbcover\u00bb css=\u00bb.vc_custom_1645004116518{margin-right: 0px !important;border-right-width: 0px !important;padding-top: 180px !important;padding-right: 0px !important;padding-bottom: 180px !important;}\u00bb background_image=\u00bb3442&#8243; bg_image_url=\u00bbhttps:\/\/mbswatercontrol.com\/wp-content\/uploads\/2022\/02\/soporte-150&#215;150.jpg\u00bb el_class=\u00bbtitle-section section-servicio\u00bb][vc_column animation=\u00bbfadeIn\u00bb animation_delay=\u00bb1&#8243;][vc_custom_heading text=\u00bbSoporte\u00bb font_container=\u00bbtag:h1|text_align:center|color:%23ffffff\u00bb use_theme_fonts=\u00bbyes\u00bb][\/vc_column][\/vc_row][vc_row row_style=\u00bbfull-width\u00bb vertical_align=\u00bbmiddle\u00bb css=\u00bb.vc_custom_1594715660146{padding-top: 100px !important;padding-bottom: 120px !important;}\u00bb][vc_column width=\u00bb1\/3&#8243; offset=\u00bbvc_col-lg-offset-2&#8243;][vc_custom_heading text=\u00bbServicio T\u00e9cnico\u00bb use_theme_fonts=\u00bbyes\u00bb el_class=\u00bbcustom-title custom-title-1&#8243;][vc_column_text]MBS Water Control ofrece un servicio t\u00e9cnico integral ofreciendo todos sus cuadros el\u00e9ctricos probados, configurados y realizando la puesta [&hellip;]<\/p>\n","protected":false},"author":1,"featured_media":0,"parent":0,"menu_order":0,"comment_status":"closed","ping_status":"closed","template":"","meta":[],"yoast_head":"<!-- This site is optimized with the Yoast SEO plugin v14.5 - https:\/\/yoast.com\/wordpress\/plugins\/seo\/ -->\n<title>Soporte - MBS<\/title>\n<meta name=\"robots\" content=\"index, follow\" \/>\n<meta name=\"googlebot\" content=\"index, follow, max-snippet:-1, max-image-preview:large, max-video-preview:-1\" \/>\n<meta name=\"bingbot\" content=\"index, follow, max-snippet:-1, max-image-preview:large, max-video-preview:-1\" \/>\n<link rel=\"canonical\" href=\"https:\/\/mbswatercontrol.com\/es\/soporte\/\" \/>\n<meta property=\"og:locale\" content=\"es_ES\" \/>\n<meta property=\"og:type\" content=\"article\" \/>\n<meta property=\"og:title\" content=\"Soporte - MBS\" \/>\n<meta property=\"og:description\" content=\"[vc_row row_style=\u00bbfull-width\u00bb background_style=\u00bbcover\u00bb css=\u00bb.vc_custom_1645004116518{margin-right: 0px !important;border-right-width: 0px !important;padding-top: 180px !important;padding-right: 0px !important;padding-bottom: 180px !important;}\u00bb background_image=\u00bb3442&#8243; bg_image_url=\u00bbhttps:\/\/mbswatercontrol.com\/wp-content\/uploads\/2022\/02\/soporte-150&#215;150.jpg\u00bb el_class=\u00bbtitle-section section-servicio\u00bb][vc_column animation=\u00bbfadeIn\u00bb animation_delay=\u00bb1&#8243;][vc_custom_heading text=\u00bbSoporte\u00bb font_container=\u00bbtag:h1|text_align:center|color:%23ffffff\u00bb use_theme_fonts=\u00bbyes\u00bb][\/vc_column][\/vc_row][vc_row row_style=\u00bbfull-width\u00bb vertical_align=\u00bbmiddle\u00bb css=\u00bb.vc_custom_1594715660146{padding-top: 100px !important;padding-bottom: 120px !important;}\u00bb][vc_column width=\u00bb1\/3&#8243; offset=\u00bbvc_col-lg-offset-2&#8243;][vc_custom_heading text=\u00bbServicio T\u00e9cnico\u00bb use_theme_fonts=\u00bbyes\u00bb el_class=\u00bbcustom-title custom-title-1&#8243;][vc_column_text]MBS Water Control ofrece un servicio t\u00e9cnico integral ofreciendo todos sus cuadros el\u00e9ctricos probados, configurados y realizando la puesta [&hellip;]\" \/>\n<meta property=\"og:url\" content=\"https:\/\/mbswatercontrol.com\/es\/soporte\/\" \/>\n<meta property=\"og:site_name\" content=\"MBS\" \/>\n<meta property=\"article:modified_time\" content=\"2022-02-16T10:01:14+00:00\" \/>\n<meta name=\"twitter:card\" content=\"summary_large_image\" \/>\n<script type=\"application\/ld+json\" class=\"yoast-schema-graph\">{\"@context\":\"https:\/\/schema.org\",\"@graph\":[{\"@type\":\"WebSite\",\"@id\":\"https:\/\/mbswatercontrol.com\/es\/#website\",\"url\":\"https:\/\/mbswatercontrol.com\/es\/\",\"name\":\"MBS\",\"description\":\"\",\"potentialAction\":[{\"@type\":\"SearchAction\",\"target\":\"https:\/\/mbswatercontrol.com\/es\/?s={search_term_string}\",\"query-input\":\"required name=search_term_string\"}],\"inLanguage\":\"es\"},{\"@type\":\"WebPage\",\"@id\":\"https:\/\/mbswatercontrol.com\/es\/soporte\/#webpage\",\"url\":\"https:\/\/mbswatercontrol.com\/es\/soporte\/\",\"name\":\"Soporte - MBS\",\"isPartOf\":{\"@id\":\"https:\/\/mbswatercontrol.com\/es\/#website\"},\"datePublished\":\"2020-07-14T08:22:04+00:00\",\"dateModified\":\"2022-02-16T10:01:14+00:00\",\"inLanguage\":\"es\",\"potentialAction\":[{\"@type\":\"ReadAction\",\"target\":[\"https:\/\/mbswatercontrol.com\/es\/soporte\/\"]}]}]}<\/script>\n<!-- \/ Yoast SEO plugin. -->","_links":{"self":[{"href":"https:\/\/mbswatercontrol.com\/es\/wp-json\/wp\/v2\/pages\/3042\/"}],"collection":[{"href":"https:\/\/mbswatercontrol.com\/es\/wp-json\/wp\/v2\/pages\/"}],"about":[{"href":"https:\/\/mbswatercontrol.com\/es\/wp-json\/wp\/v2\/types\/page\/"}],"author":[{"embeddable":true,"href":"https:\/\/mbswatercontrol.com\/es\/wp-json\/wp\/v2\/users\/1\/"}],"replies":[{"embeddable":true,"href":"https:\/\/mbswatercontrol.com\/es\/wp-json\/wp\/v2\/comments\/?post=3042"}],"version-history":[{"count":40,"href":"https:\/\/mbswatercontrol.com\/es\/wp-json\/wp\/v2\/pages\/3042\/revisions\/"}],"predecessor-version":[{"id":3450,"href":"https:\/\/mbswatercontrol.com\/es\/wp-json\/wp\/v2\/pages\/3042\/revisions\/3450\/"}],"wp:attachment":[{"href":"https:\/\/mbswatercontrol.com\/es\/wp-json\/wp\/v2\/media\/?parent=3042"}],"curies":[{"name":"wp","href":"https:\/\/api.w.org\/{rel}","templated":true}]}}